{"id":2683,"date":"2020-04-06T10:44:08","date_gmt":"2020-04-06T08:44:08","guid":{"rendered":"http:\/\/www.camping-corniche.com\/camping-basca-espanol\/"},"modified":"2023-03-06T17:13:24","modified_gmt":"2023-03-06T16:13:24","slug":"camping-basca-espanol","status":"publish","type":"page","link":"https:\/\/www.camping-corniche.com\/es\/camping-basca-espanol\/","title":{"rendered":"Alentours : Espagne"},"content":{"rendered":"","protected":false},"excerpt":{"rendered":"","protected":false},"author":1,"featured_media":1521,"parent":0,"menu_order":0,"comment_status":"closed","ping_status":"closed","template":"","meta":[],"acf":[],"yoast_head":"<!-- This site is optimized with the Yoast SEO plugin v19.11 - https:\/\/yoast.com\/wordpress\/plugins\/seo\/ -->\n<title>Camping Espa\u00f1ol Pa\u00eds Vasco | Alquiler de casas m\u00f3viles Espa\u00f1ol Pa\u00eds Vasco<\/title>\n<meta name=\"description\" content=\"Meta Description (160 characters): \u00bfEst\u00e1s buscando una aventura al aire libre en Espa\u00f1a? \u00a1Descubre la belleza natural del Pa\u00eds Vasco con nuestro camping!\" \/>\n<meta name=\"robots\" content=\"index, follow, max-snippet:-1, max-image-preview:large, max-video-preview:-1\" \/>\n<link rel=\"canonical\" href=\"https:\/\/www.camping-corniche.com\/es\/camping-basca-espanol\/\" \/>\n<meta property=\"og:locale\" content=\"es_ES\" \/>\n<meta property=\"og:type\" content=\"article\" \/>\n<meta property=\"og:title\" content=\"Camping Espa\u00f1ol Pa\u00eds Vasco | Alquiler de casas m\u00f3viles Espa\u00f1ol Pa\u00eds Vasco\" \/>\n<meta property=\"og:description\" content=\"Meta Description (160 characters): \u00bfEst\u00e1s buscando una aventura al aire libre en Espa\u00f1a? \u00a1Descubre la belleza natural del Pa\u00eds Vasco con nuestro camping!\" \/>\n<meta property=\"og:url\" content=\"https:\/\/www.camping-corniche.com\/es\/camping-basca-espanol\/\" \/>\n<meta property=\"og:site_name\" content=\"Camping de la Corniche\" \/>\n<meta property=\"article:modified_time\" content=\"2023-03-06T16:13:24+00:00\" \/>\n<meta property=\"og:image\" content=\"https:\/\/www.camping-corniche.com\/wp-content\/uploads\/2020\/03\/camping-proche-espagne.jpg\" \/>\n\t<meta property=\"og:image:width\" content=\"1903\" \/>\n\t<meta property=\"og:image:height\" content=\"350\" \/>\n\t<meta property=\"og:image:type\" content=\"image\/jpeg\" \/>\n<meta name=\"twitter:card\" content=\"summary_large_image\" \/>\n<script type=\"application\/ld+json\" class=\"yoast-schema-graph\">{\"@context\":\"https:\/\/schema.org\",\"@graph\":[{\"@type\":\"WebPage\",\"@id\":\"https:\/\/www.camping-corniche.com\/es\/camping-basca-espanol\/\",\"url\":\"https:\/\/www.camping-corniche.com\/es\/camping-basca-espanol\/\",\"name\":\"Camping Espa\u00f1ol Pa\u00eds Vasco | Alquiler de casas m\u00f3viles Espa\u00f1ol Pa\u00eds Vasco\",\"isPartOf\":{\"@id\":\"https:\/\/www.camping-corniche.com\/es\/#website\"},\"datePublished\":\"2020-04-06T08:44:08+00:00\",\"dateModified\":\"2023-03-06T16:13:24+00:00\",\"description\":\"Meta Description (160 characters): \u00bfEst\u00e1s buscando una aventura al aire libre en Espa\u00f1a? \u00a1Descubre la belleza natural del Pa\u00eds Vasco con nuestro camping!\",\"breadcrumb\":{\"@id\":\"https:\/\/www.camping-corniche.com\/es\/camping-basca-espanol\/#breadcrumb\"},\"inLanguage\":\"es\",\"potentialAction\":[{\"@type\":\"ReadAction\",\"target\":[\"https:\/\/www.camping-corniche.com\/es\/camping-basca-espanol\/\"]}]},{\"@type\":\"BreadcrumbList\",\"@id\":\"https:\/\/www.camping-corniche.com\/es\/camping-basca-espanol\/#breadcrumb\",\"itemListElement\":[{\"@type\":\"ListItem\",\"position\":1,\"name\":\"Camping Hendaye\",\"item\":\"https:\/\/www.camping-corniche.com\/es\/\"},{\"@type\":\"ListItem\",\"position\":2,\"name\":\"Camping cerca de Espa\u00f1a\"}]},{\"@type\":\"WebSite\",\"@id\":\"https:\/\/www.camping-corniche.com\/es\/#website\",\"url\":\"https:\/\/www.camping-corniche.com\/es\/\",\"name\":\"Camping de la Corniche\",\"description\":\"\",\"potentialAction\":[{\"@type\":\"SearchAction\",\"target\":{\"@type\":\"EntryPoint\",\"urlTemplate\":\"https:\/\/www.camping-corniche.com\/es\/?s={search_term_string}\"},\"query-input\":\"required name=search_term_string\"}],\"inLanguage\":\"es\"}]}<\/script>\n<!-- \/ Yoast SEO plugin. -->","yoast_head_json":{"title":"Camping Espa\u00f1ol Pa\u00eds Vasco | Alquiler de casas m\u00f3viles Espa\u00f1ol Pa\u00eds Vasco","description":"Meta Description (160 characters): \u00bfEst\u00e1s buscando una aventura al aire libre en Espa\u00f1a? \u00a1Descubre la belleza natural del Pa\u00eds Vasco con nuestro camping!","robots":{"index":"index","follow":"follow","max-snippet":"max-snippet:-1","max-image-preview":"max-image-preview:large","max-video-preview":"max-video-preview:-1"},"canonical":"https:\/\/www.camping-corniche.com\/es\/camping-basca-espanol\/","og_locale":"es_ES","og_type":"article","og_title":"Camping Espa\u00f1ol Pa\u00eds Vasco | Alquiler de casas m\u00f3viles Espa\u00f1ol Pa\u00eds Vasco","og_description":"Meta Description (160 characters): \u00bfEst\u00e1s buscando una aventura al aire libre en Espa\u00f1a? \u00a1Descubre la belleza natural del Pa\u00eds Vasco con nuestro camping!","og_url":"https:\/\/www.camping-corniche.com\/es\/camping-basca-espanol\/","og_site_name":"Camping de la Corniche","article_modified_time":"2023-03-06T16:13:24+00:00","og_image":[{"width":1903,"height":350,"url":"https:\/\/www.camping-corniche.com\/wp-content\/uploads\/2020\/03\/camping-proche-espagne.jpg","type":"image\/jpeg"}],"twitter_card":"summary_large_image","schema":{"@context":"https:\/\/schema.org","@graph":[{"@type":"WebPage","@id":"https:\/\/www.camping-corniche.com\/es\/camping-basca-espanol\/","url":"https:\/\/www.camping-corniche.com\/es\/camping-basca-espanol\/","name":"Camping Espa\u00f1ol Pa\u00eds Vasco | Alquiler de casas m\u00f3viles Espa\u00f1ol Pa\u00eds Vasco","isPartOf":{"@id":"https:\/\/www.camping-corniche.com\/es\/#website"},"datePublished":"2020-04-06T08:44:08+00:00","dateModified":"2023-03-06T16:13:24+00:00","description":"Meta Description (160 characters): \u00bfEst\u00e1s buscando una aventura al aire libre en Espa\u00f1a? \u00a1Descubre la belleza natural del Pa\u00eds Vasco con nuestro camping!","breadcrumb":{"@id":"https:\/\/www.camping-corniche.com\/es\/camping-basca-espanol\/#breadcrumb"},"inLanguage":"es","potentialAction":[{"@type":"ReadAction","target":["https:\/\/www.camping-corniche.com\/es\/camping-basca-espanol\/"]}]},{"@type":"BreadcrumbList","@id":"https:\/\/www.camping-corniche.com\/es\/camping-basca-espanol\/#breadcrumb","itemListElement":[{"@type":"ListItem","position":1,"name":"Camping Hendaye","item":"https:\/\/www.camping-corniche.com\/es\/"},{"@type":"ListItem","position":2,"name":"Camping cerca de Espa\u00f1a"}]},{"@type":"WebSite","@id":"https:\/\/www.camping-corniche.com\/es\/#website","url":"https:\/\/www.camping-corniche.com\/es\/","name":"Camping de la Corniche","description":"","potentialAction":[{"@type":"SearchAction","target":{"@type":"EntryPoint","urlTemplate":"https:\/\/www.camping-corniche.com\/es\/?s={search_term_string}"},"query-input":"required name=search_term_string"}],"inLanguage":"es"}]}},"_links":{"self":[{"href":"https:\/\/www.camping-corniche.com\/es\/wp-json\/wp\/v2\/pages\/2683"}],"collection":[{"href":"https:\/\/www.camping-corniche.com\/es\/wp-json\/wp\/v2\/pages"}],"about":[{"href":"https:\/\/www.camping-corniche.com\/es\/wp-json\/wp\/v2\/types\/page"}],"author":[{"embeddable":true,"href":"https:\/\/www.camping-corniche.com\/es\/wp-json\/wp\/v2\/users\/1"}],"replies":[{"embeddable":true,"href":"https:\/\/www.camping-corniche.com\/es\/wp-json\/wp\/v2\/comments?post=2683"}],"version-history":[{"count":3,"href":"https:\/\/www.camping-corniche.com\/es\/wp-json\/wp\/v2\/pages\/2683\/revisions"}],"predecessor-version":[{"id":2851,"href":"https:\/\/www.camping-corniche.com\/es\/wp-json\/wp\/v2\/pages\/2683\/revisions\/2851"}],"wp:featuredmedia":[{"embeddable":true,"href":"https:\/\/www.camping-corniche.com\/es\/wp-json\/wp\/v2\/media\/1521"}],"wp:attachment":[{"href":"https:\/\/www.camping-corniche.com\/es\/wp-json\/wp\/v2\/media?parent=2683"}],"curies":[{"name":"wp","href":"https:\/\/api.w.org\/{rel}","templated":true}]}}